{"id":18801,"date":"2024-08-24T14:40:27","date_gmt":"2024-08-24T14:40:27","guid":{"rendered":"https:\/\/inkaexpediciones.com\/?page_id=18801"},"modified":"2024-08-24T14:51:52","modified_gmt":"2024-08-24T14:51:52","slug":"bases-condiciones-sorteo","status":"publish","type":"page","link":"https:\/\/inkaexpediciones.com\/es\/bases-condiciones-sorteo\/","title":{"rendered":"Bases y condiciones Sorteo Pirca"},"content":{"rendered":"<!--themify_builder_content-->\n<div id=\"themify_builder_content-18801\" data-postid=\"18801\" class=\"themify_builder_content themify_builder_content-18801 themify_builder tf_clear\">\n                    <div  data-lazy=\"1\" class=\"module_row themify_builder_row tb_7d4m187 tb_first tf_w\">\n                        <div class=\"row_inner col_align_top tb_col_count_1 tf_box tf_rel\">\n                        <div  data-lazy=\"1\" class=\"module_column tb-column col-full tb_2xum189 first\">\n                    <!-- module fancy heading -->\n<div  class=\"module module-fancy-heading tb_xeu7521 \" data-lazy=\"1\">\n        <h3 class=\"fancy-heading\">\n    <span class=\"main-head tf_block\">\n                    BASES Y CONDICIONES            <\/span>\n\n    \n    <span class=\"sub-head tf_block tf_rel\">\n                    SORTEO INKA - EVENTO \"HASTA LA PIRCA\"            <\/span>\n    <\/h3>\n<\/div>\n<!-- \/module fancy heading -->\n<!-- module text -->\n<div  class=\"module module-text tb_6plt287   \" data-lazy=\"1\">\n        <div  class=\"tb_text_wrap\">\n        <p><b style=\"font-size: 0.9em;\">ORGANIZADOR\u00a0<\/b><\/p>\n<p><span style=\"font-weight: 400;\">ACONCAGUA EXPEDICIONES CUIT 30-70906633-8 (en adelante, el \u201cORGANIZADOR\u201d), con domicilio en la calle Pte Ortiz 1539 &#8211; Godoy Cruz, Mendoza, organiza el presente Sorteo denominado \u201cSorteo Inka \/ Pirca\u201d (en adelante, \u201cSORTEO\u201d).\u00a0<\/span><\/p>\n<p style=\"text-align: left;\"><b style=\"font-size: 0.9em;\">VIGENCIA\u00a0<\/b><\/p>\n<p><span style=\"font-weight: 400;\">El presente SORTEO tendr\u00e1 vigencia en todo el territorio de la Rep\u00fablica Argentina el d\u00eda 24 del mes de Agosto del a\u00f1o 2024 (en adelante, el \u201cPLAZO DE VIGENCIA\u201d).\u00a0<\/span><\/p>\n<p style=\"text-align: left;\"><b style=\"font-size: 0.9em;\">FECHA Y MODO DEL SORTEO\u00a0<\/b><\/p>\n<p><span style=\"font-weight: 400;\">El sorteo se realizar\u00e1 a trav\u00e9s de \u00abhttps:\/\/app-sorteos.com\u00bb y se llevar\u00e1 a cabo el d\u00eda 27 del mes de Agosto del a\u00f1o 2024 a las 10:00 horas.\u00a0<\/span><\/p>\n<p style=\"text-align: left;\"><b style=\"font-size: 0.9em;\">ACEPTACI\u00d3N DE LAS BASES Y CONDICIONES\u00a0<\/b><\/p>\n<p><span style=\"font-weight: 400;\">La mera participaci\u00f3n en el SORTEO implica la total e irrestricta aceptaci\u00f3n y conocimiento de las presentes Bases y Condiciones (en adelante, las \u201cBASES\u201d), como asimismo de las decisiones que posteriormente puedan adoptar el ORGANIZADOR con relaci\u00f3n a cualquier punto o cuesti\u00f3n no prevista en las mismas.\u00a0<\/span><\/p>\n<p style=\"text-align: left;\"><b style=\"font-size: 0.9em;\">LOS PARTICIPANTES<\/b><\/p>\n<p><span style=\"font-weight: 400;\">Podr\u00e1n participar del SORTEO todas aquellas personas mayores de 18 a\u00f1os de edad que residan en la Rep\u00fablica Argentina y sigan la mec\u00e1nica descriptiva en el punto \u201cRequisitos para participar\u201d de las presentes BASES (en adelante, el\/los \u201cPARTICIPANTE\/S\u201d). En ning\u00fan caso se admitir\u00e1 la participaci\u00f3n de menores de 18 a\u00f1os de edad. Quedan prohibidas las participaciones de usuarios con perfiles falsos, dicha participaci\u00f3n ser\u00e1 eliminada sin previo aviso. Quedan prohibidos los votos a trav\u00e9s de sistemas de intercambios, auto-li-kes, perfiles falsos y similares. Dichas participaciones ser\u00e1n eliminadas sin previo aviso.\u00a0<\/span><\/p>\n<p style=\"text-align: left;\"><b style=\"font-size: 0.9em;\">EXCLUSIONES\u00a0<\/b><\/p>\n<p><span style=\"font-weight: 400;\">No podr\u00e1n participar del presente SORTEO, ni tampoco hacerse acreedores de la misma, los empleados dependientes de ACONCAGUA EXPEDICIONES SA, ni de ninguna de las sociedades y\/o empresas vinculadas o asociadas a \u00e9sta, como as\u00ed tampoco sus Agencias de Promoci\u00f3n y dem\u00e1s personas que el ORGANIZADOR haya contratado o contrate para proveer cualquier producto y\/o prestar cualquier servicio relacionado con el SORTEO.\u00a0<\/span><\/p>\n<p style=\"text-align: left;\"><span style=\"font-weight: bold;\">\u00a0<span style=\"font-size: 0.9em;\">COMENTARIOS y PARTICIPACIONES<\/span><\/span><\/p>\n<p><span style=\"font-weight: 400;\">Los mensajes agresivos, insultos, difamaci\u00f3n del servicio o derivados ser\u00e1n eliminados, y en caso de repetirse, dichos usuarios ser\u00e1n bloqueados de nuestra p\u00e1gina en Facebook \/ Instagram. La Empresa se reserva el derecho de bloquear\/eliminar usuarios que participen de manera fraudulenta o incorrecta.\u00a0<\/span><\/p>\n<p><span style=\"font-weight: bold;\">REQUISITOS PARA PARTICIPAR\u00a0<\/span><\/p>\n<p><span style=\"font-weight: 400;\">Para participar deber\u00e1n completar el formulario que se obtiene al escanear el c\u00f3digo QR en el evento \u201cHasta la Pirca &#8211; Fiesta Cervecera de Monta\u00f1a\u201d\u00a0<\/span><\/p>\n<p><span style=\"font-weight: bold;\">PREMIOS\u00a0<\/span><\/p>\n<p><span style=\"font-weight: 400;\">Los participantes del SORTEO podr\u00e1n ganar:\u00a0<\/span><\/p>\n<p><span style=\"font-weight: bold;\">Participaci\u00f3n en trekking programado de 3 d\u00edas en el Parque Aconcagua con destino al mirador Plaza Francia\u00a0<\/span><span style=\"font-weight: 400;\"> para una (1) persona, organizado por INKA EXPEDICIONES durante la temporada 2024\/25. Fecha a determinar por parte de la empresa de acuerdo a disponibilidad. <\/span><span style=\"font-weight: bold;\">Incluye: <\/span><span style=\"font-weight: 400;\">Gu\u00eda Profesional. Alojamiento y Comidas en campamento Confluencia. Uso de servicios en campamentos (ba\u00f1o, zona de relax, domos comedor, agua potable fr\u00eda y caliente, etc) <\/span><span style=\"font-weight: bold;\">No incluye: <\/span><span style=\"font-weight: 400;\">Permiso de ingreso al Parque Aconcagua. Tarifa de trekking corto. Seguro m\u00e9dico, que cubra rescate y evacuaci\u00f3n. Traslado Mendoza \u2013 Penitentes IN\/OUT. Equipamiento de monta\u00f1a personal requerido. Gastos de Rescate u otros costos a causa del abandono de la expedici\u00f3n. Gastos personales. Acceso a internet, duchas.<\/span><\/p>\n<p style=\"text-align: left;\"><span style=\"font-weight: bold; font-size: 0.9em;\">Participaci\u00f3n<\/span><span style=\"font-weight: bold; font-size: 0.9em;\">\u00a0<\/span><span style=\"font-size: 0.9em; font-weight: bold;\">en trekking programado de 3 d\u00edas en el Valle de las L\u00e1grimas con destino al lugar donde cay\u00f3 el avi\u00f3n de los uruguayos<\/span><span style=\"font-size: 0.9em;\"> para una (1) persona, organizado por INKA EXPEDICIONES durante la temporada 2024\/25. Fecha a determinar por parte de la empresa de acuerdo a disponibilidad.<\/span><b style=\"font-size: 0.9em;\"> Incluye:<\/b><span style=\"font-size: 0.9em;\"> Gu\u00edas de monta\u00f1a titulados o gu\u00eda baqueano. Permiso de ingreso Valle Las L\u00e1grimas. Alojamiento y comida durante el trekking. Tiendas de monta\u00f1a single o doble\/triple para personas convivientes. Traslado de Carga personal en mulas (10kg)\u00a0<\/span><b style=\"font-size: 0.9em;\">No incluye:<\/b><span style=\"font-size: 0.9em;\"> Traslado hasta punto de encuentro en El Sosneado. Traslado en 4&#215;4 hasta el puesto. Equipamiento personal. Utensilios personales de comida. Gastos de Rescate u otros costos a causa del abandono de la expedici\u00f3n. Seguros de viaje y m\u00e9dico.<\/span><\/p>\n<p style=\"text-align: left;\"><span style=\"font-size: 0.9em;\">Los premios y condiciones aqu\u00ed indicadas pueden ser modificados por LA EMPRESA en cualquier momento y sin previo aviso. Las im\u00e1genes de todos los productos son ilustrativas. El premio no podr\u00e1 ser transferido ni canjeado por su valor en efectivo u otro tipo de premio equivalente por igual monto. El premio otorgado implica que el viaje sea realizado por el ganador exclusivamente en las salidas a determinar por parte de la EMPRESA. En caso que el ganador no realizare el viaje en la fecha mencionada perder\u00e1 el beneficio sin derecho a reclamo ni reembolso dinerario alguno quedando LA EMPRESA eximida de toda responsabilidad.\u00a0<\/span><\/p>\n<p style=\"text-align: left;\"><span style=\"font-size: 0.9em; font-weight: bold;\">NOTIFICACI\u00d3N DEL GANADOR\u00a0<\/span><\/p>\n<p><span style=\"font-weight: 400;\">El ganador ser\u00e1 anunciado a trav\u00e9s del correo electr\u00f3nico que coloc\u00f3 en el formulario de inscripci\u00f3n al sorteo. El beneficiario del SORTEO tendr\u00e1 un plazo de 48 horas desde la notificaci\u00f3n de su calidad de ganador, para presentarse en las oficinas comerciales de la empresa sitas en Juan B. Justo 345 &#8211; Ciudad de Mendoza, y retirar el voucher correspondiente el que le permitir\u00e1 acceder al beneficio.\u00a0<\/span><\/p>\n<p style=\"text-align: left;\"><span style=\"font-size: 0.9em; font-weight: bold;\">MODIFICACIONES\u00a0<\/span><\/p>\n<p><span style=\"font-weight: 400;\">Para el hipot\u00e9tico caso de que ocurrieren circunstancias no imputables al ORGANIZADOR y\/o cuando ocurrieren circunstancias no previstas en las presentes BASES, como ser la ocurrencia de caso fortuito y\/o fuerza mayor y\/o por hechos de terceros y\/o por condiciones clim\u00e1ticas adversas y\/o por desastres naturales y\/o por cuestiones gremiales, el ORGANIZADOR podr\u00e1 modificar y\/o suspender y\/o cancelar total o parcialmente el SORTEO sin que ello genere derecho al pago de cualquier tipo de compensaci\u00f3n y\/o indemnizaci\u00f3n contractual y\/o extra contractual y\/o judicial y\/o legal alguna a favor de los PARTICIPANTES. El ORGANIZADOR podr\u00e1n limitar o prohibir la participaci\u00f3n en este SORTEO de cualquier PARTICIPANTE, en caso de presumir fundadamente la existencia de fraude o alteraci\u00f3n en la mec\u00e1nica de participaci\u00f3n.\u00a0<\/span><\/p>\n<p><span style=\"font-weight: bold;\">JURISDICCI\u00d3N\u00a0<\/span><\/p>\n<p><span style=\"font-weight: 400;\">Toda divergencia que pudiera surgir relacionada con la interpretaci\u00f3n de estas Bases as\u00ed como derivada de la ejecuci\u00f3n de concurso, ser\u00e1 resuelta por las partes por ante los Tribunales Ordinarios en lo Civil y Comercial de la Ciudad de Mendoza, renunciando a cualquier otro fuero o jurisdicci\u00f3n que les pudiera corresponder.\u00a0 El concurso se regir\u00e1 por las leyes de la Rep\u00fablica Argentina.\u00a0<\/span><\/p>\n<p style=\"text-align: left;\"><br><br><br><\/p>    <\/div>\n<\/div>\n<!-- \/module text -->        <\/div>\n                        <\/div>\n        <\/div>\n        <\/div>\n<!--\/themify_builder_content-->","protected":false},"excerpt":{"rendered":"<p>BASES Y CONDICIONESSORTEO INKA &#8211; EVENTO \u00abHASTA LA PIRCA\u00bb ORGANIZADOR\u00a0 ACONCAGUA EXPEDICIONES CUIT 30-70906633-8 (en adelante, el \u201cORGANIZADOR\u201d), con domicilio en la calle Pte Ortiz 1539 &#8211; Godoy Cruz, Mendoza, organiza el presente Sorteo denominado \u201cSorteo Inka \/ Pirca\u201d (en adelante, \u201cSORTEO\u201d).\u00a0 VIGENCIA\u00a0 El presente SORTEO tendr\u00e1 vigencia en todo el territorio de la Rep\u00fablica [&hellip;]<\/p>\n","protected":false},"author":1,"featured_media":0,"parent":0,"menu_order":0,"comment_status":"open","ping_status":"open","template":"","meta":{"footnotes":""},"class_list":["post-18801","page","type-page","status-publish","hentry","has-post-title","has-post-date","has-post-category","has-post-tag","has-post-comment","has-post-author",""],"yoast_head":"<!-- This site is optimized with the Yoast SEO plugin v27.3 - https:\/\/yoast.com\/product\/yoast-seo-wordpress\/ -->\n<title>Bases y condiciones Sorteo Pirca - INKA Expediciones<\/title>\n<meta name=\"robots\" content=\"index, follow, max-snippet:-1, max-image-preview:large, max-video-preview:-1\" \/>\n<link rel=\"canonical\" href=\"https:\/\/inkaexpediciones.com\/es\/bases-condiciones-sorteo\/\" \/>\n<meta property=\"og:locale\" content=\"es_ES\" \/>\n<meta property=\"og:type\" content=\"article\" \/>\n<meta property=\"og:title\" content=\"Bases y condiciones Sorteo Pirca - INKA Expediciones\" \/>\n<meta property=\"og:description\" content=\"BASES Y CONDICIONESSORTEO INKA &#8211; EVENTO \u00abHASTA LA PIRCA\u00bb ORGANIZADOR\u00a0 ACONCAGUA EXPEDICIONES CUIT 30-70906633-8 (en adelante, el \u201cORGANIZADOR\u201d), con domicilio en la calle Pte Ortiz 1539 &#8211; Godoy Cruz, Mendoza, organiza el presente Sorteo denominado \u201cSorteo Inka \/ Pirca\u201d (en adelante, \u201cSORTEO\u201d).\u00a0 VIGENCIA\u00a0 El presente SORTEO tendr\u00e1 vigencia en todo el territorio de la Rep\u00fablica [&hellip;]\" \/>\n<meta property=\"og:url\" content=\"https:\/\/inkaexpediciones.com\/es\/bases-condiciones-sorteo\/\" \/>\n<meta property=\"og:site_name\" content=\"INKA Expediciones\" \/>\n<meta property=\"article:modified_time\" content=\"2024-08-24T14:51:52+00:00\" \/>\n<meta name=\"twitter:card\" content=\"summary_large_image\" \/>\n<meta name=\"twitter:label1\" content=\"Tiempo de lectura\" \/>\n\t<meta name=\"twitter:data1\" content=\"12 minutos\" \/>\n<script type=\"application\/ld+json\" class=\"yoast-schema-graph\">{\"@context\":\"https:\\\/\\\/schema.org\",\"@graph\":[{\"@type\":\"WebPage\",\"@id\":\"https:\\\/\\\/inkaexpediciones.com\\\/es\\\/bases-condiciones-sorteo\\\/\",\"url\":\"https:\\\/\\\/inkaexpediciones.com\\\/es\\\/bases-condiciones-sorteo\\\/\",\"name\":\"Bases y condiciones Sorteo Pirca - INKA Expediciones\",\"isPartOf\":{\"@id\":\"https:\\\/\\\/inkaexpediciones.com\\\/#website\"},\"datePublished\":\"2024-08-24T14:40:27+00:00\",\"dateModified\":\"2024-08-24T14:51:52+00:00\",\"breadcrumb\":{\"@id\":\"https:\\\/\\\/inkaexpediciones.com\\\/es\\\/bases-condiciones-sorteo\\\/#breadcrumb\"},\"inLanguage\":\"es\",\"potentialAction\":[{\"@type\":\"ReadAction\",\"target\":[\"https:\\\/\\\/inkaexpediciones.com\\\/es\\\/bases-condiciones-sorteo\\\/\"]}]},{\"@type\":\"BreadcrumbList\",\"@id\":\"https:\\\/\\\/inkaexpediciones.com\\\/es\\\/bases-condiciones-sorteo\\\/#breadcrumb\",\"itemListElement\":[{\"@type\":\"ListItem\",\"position\":1,\"name\":\"Home\",\"item\":\"https:\\\/\\\/inkaexpediciones.com\\\/es\\\/\"},{\"@type\":\"ListItem\",\"position\":2,\"name\":\"Bases y condiciones Sorteo Pirca\"}]},{\"@type\":\"WebSite\",\"@id\":\"https:\\\/\\\/inkaexpediciones.com\\\/#website\",\"url\":\"https:\\\/\\\/inkaexpediciones.com\\\/\",\"name\":\"INKA Expediciones\",\"description\":\"Aconcagua Specialists\",\"publisher\":{\"@id\":\"https:\\\/\\\/inkaexpediciones.com\\\/#organization\"},\"potentialAction\":[{\"@type\":\"SearchAction\",\"target\":{\"@type\":\"EntryPoint\",\"urlTemplate\":\"https:\\\/\\\/inkaexpediciones.com\\\/?s={search_term_string}\"},\"query-input\":{\"@type\":\"PropertyValueSpecification\",\"valueRequired\":true,\"valueName\":\"search_term_string\"}}],\"inLanguage\":\"es\"},{\"@type\":\"Organization\",\"@id\":\"https:\\\/\\\/inkaexpediciones.com\\\/#organization\",\"name\":\"Inka Expediciones\",\"url\":\"https:\\\/\\\/inkaexpediciones.com\\\/\",\"logo\":{\"@type\":\"ImageObject\",\"inLanguage\":\"es\",\"@id\":\"https:\\\/\\\/inkaexpediciones.com\\\/#\\\/schema\\\/logo\\\/image\\\/\",\"url\":\"https:\\\/\\\/inkaexpediciones.com\\\/wp-content\\\/uploads\\\/2020\\\/03\\\/inka-logo-footer.png\",\"contentUrl\":\"https:\\\/\\\/inkaexpediciones.com\\\/wp-content\\\/uploads\\\/2020\\\/03\\\/inka-logo-footer.png\",\"width\":145,\"height\":114,\"caption\":\"Inka Expediciones\"},\"image\":{\"@id\":\"https:\\\/\\\/inkaexpediciones.com\\\/#\\\/schema\\\/logo\\\/image\\\/\"}}]}<\/script>\n<!-- \/ Yoast SEO plugin. -->","yoast_head_json":{"title":"Bases y condiciones Sorteo Pirca - INKA Expediciones","robots":{"index":"index","follow":"follow","max-snippet":"max-snippet:-1","max-image-preview":"max-image-preview:large","max-video-preview":"max-video-preview:-1"},"canonical":"https:\/\/inkaexpediciones.com\/es\/bases-condiciones-sorteo\/","og_locale":"es_ES","og_type":"article","og_title":"Bases y condiciones Sorteo Pirca - INKA Expediciones","og_description":"BASES Y CONDICIONESSORTEO INKA &#8211; EVENTO \u00abHASTA LA PIRCA\u00bb ORGANIZADOR\u00a0 ACONCAGUA EXPEDICIONES CUIT 30-70906633-8 (en adelante, el \u201cORGANIZADOR\u201d), con domicilio en la calle Pte Ortiz 1539 &#8211; Godoy Cruz, Mendoza, organiza el presente Sorteo denominado \u201cSorteo Inka \/ Pirca\u201d (en adelante, \u201cSORTEO\u201d).\u00a0 VIGENCIA\u00a0 El presente SORTEO tendr\u00e1 vigencia en todo el territorio de la Rep\u00fablica [&hellip;]","og_url":"https:\/\/inkaexpediciones.com\/es\/bases-condiciones-sorteo\/","og_site_name":"INKA Expediciones","article_modified_time":"2024-08-24T14:51:52+00:00","twitter_card":"summary_large_image","twitter_misc":{"Tiempo de lectura":"12 minutos"},"schema":{"@context":"https:\/\/schema.org","@graph":[{"@type":"WebPage","@id":"https:\/\/inkaexpediciones.com\/es\/bases-condiciones-sorteo\/","url":"https:\/\/inkaexpediciones.com\/es\/bases-condiciones-sorteo\/","name":"Bases y condiciones Sorteo Pirca - INKA Expediciones","isPartOf":{"@id":"https:\/\/inkaexpediciones.com\/#website"},"datePublished":"2024-08-24T14:40:27+00:00","dateModified":"2024-08-24T14:51:52+00:00","breadcrumb":{"@id":"https:\/\/inkaexpediciones.com\/es\/bases-condiciones-sorteo\/#breadcrumb"},"inLanguage":"es","potentialAction":[{"@type":"ReadAction","target":["https:\/\/inkaexpediciones.com\/es\/bases-condiciones-sorteo\/"]}]},{"@type":"BreadcrumbList","@id":"https:\/\/inkaexpediciones.com\/es\/bases-condiciones-sorteo\/#breadcrumb","itemListElement":[{"@type":"ListItem","position":1,"name":"Home","item":"https:\/\/inkaexpediciones.com\/es\/"},{"@type":"ListItem","position":2,"name":"Bases y condiciones Sorteo Pirca"}]},{"@type":"WebSite","@id":"https:\/\/inkaexpediciones.com\/#website","url":"https:\/\/inkaexpediciones.com\/","name":"INKA Expediciones","description":"Aconcagua Specialists","publisher":{"@id":"https:\/\/inkaexpediciones.com\/#organization"},"potentialAction":[{"@type":"SearchAction","target":{"@type":"EntryPoint","urlTemplate":"https:\/\/inkaexpediciones.com\/?s={search_term_string}"},"query-input":{"@type":"PropertyValueSpecification","valueRequired":true,"valueName":"search_term_string"}}],"inLanguage":"es"},{"@type":"Organization","@id":"https:\/\/inkaexpediciones.com\/#organization","name":"Inka Expediciones","url":"https:\/\/inkaexpediciones.com\/","logo":{"@type":"ImageObject","inLanguage":"es","@id":"https:\/\/inkaexpediciones.com\/#\/schema\/logo\/image\/","url":"https:\/\/inkaexpediciones.com\/wp-content\/uploads\/2020\/03\/inka-logo-footer.png","contentUrl":"https:\/\/inkaexpediciones.com\/wp-content\/uploads\/2020\/03\/inka-logo-footer.png","width":145,"height":114,"caption":"Inka Expediciones"},"image":{"@id":"https:\/\/inkaexpediciones.com\/#\/schema\/logo\/image\/"}}]}},"_links":{"self":[{"href":"https:\/\/inkaexpediciones.com\/es\/wp-json\/wp\/v2\/pages\/18801","targetHints":{"allow":["GET"]}}],"collection":[{"href":"https:\/\/inkaexpediciones.com\/es\/wp-json\/wp\/v2\/pages"}],"about":[{"href":"https:\/\/inkaexpediciones.com\/es\/wp-json\/wp\/v2\/types\/page"}],"author":[{"embeddable":true,"href":"https:\/\/inkaexpediciones.com\/es\/wp-json\/wp\/v2\/users\/1"}],"replies":[{"embeddable":true,"href":"https:\/\/inkaexpediciones.com\/es\/wp-json\/wp\/v2\/comments?post=18801"}],"version-history":[{"count":6,"href":"https:\/\/inkaexpediciones.com\/es\/wp-json\/wp\/v2\/pages\/18801\/revisions"}],"predecessor-version":[{"id":18809,"href":"https:\/\/inkaexpediciones.com\/es\/wp-json\/wp\/v2\/pages\/18801\/revisions\/18809"}],"wp:attachment":[{"href":"https:\/\/inkaexpediciones.com\/es\/wp-json\/wp\/v2\/media?parent=18801"}],"curies":[{"name":"wp","href":"https:\/\/api.w.org\/{rel}","templated":true}]}}